{"id":14,"date":"2022-12-16T08:38:14","date_gmt":"2022-12-16T08:38:14","guid":{"rendered":"http:\/\/thmxpress.com\/Assade\/?page_id=14"},"modified":"2025-04-06T14:25:07","modified_gmt":"2025-04-06T14:25:07","slug":"verkauf-und-vertragsbedingungen","status":"publish","type":"page","link":"https:\/\/assade.com\/de\/verkauf-und-vertragsbedingungen\/","title":{"rendered":"Verkauf- und Vertragsbedingungen"},"content":{"rendered":"\t\t<div data-elementor-type=\"wp-page\" data-elementor-id=\"14\" class=\"elementor elementor-14\" data-elementor-post-type=\"page\">\n\t\t\t\t\t\t<section class=\"elementor-section elementor-top-section elementor-element elementor-element-16a856c elementor-section-boxed elementor-section-height-default elementor-section-height-default qodef-elementor-content-no\" data-id=\"16a856c\" data-element_type=\"section\">\n\t\t\t\t\t\t<div class=\"elementor-container elementor-column-gap-default\">\n\t\t\t\t\t<div class=\"elementor-column elementor-col-100 elementor-top-column elementor-element elementor-element-ba6af08\" data-id=\"ba6af08\" data-element_type=\"column\">\n\t\t\t<div class=\"elementor-widget-wrap elementor-element-populated\">\n\t\t\t\t\t\t<div class=\"elementor-element elementor-element-0b37698 elementor-widget elementor-widget-heading\" data-id=\"0b37698\" data-element_type=\"widget\" data-widget_type=\"heading.default\">\n\t\t\t\t<div class=\"elementor-widget-container\">\n\t\t\t<h1 class=\"elementor-heading-title elementor-size-default\">VERKAUFS- UND VERTRAGSBEDINGUNGEN<\/h1>\t\t<\/div>\n\t\t\t\t<\/div>\n\t\t\t\t<div class=\"elementor-element elementor-element-c99de5a elementor-widget elementor-widget-text-editor\" data-id=\"c99de5a\" data-element_type=\"widget\" data-widget_type=\"text-editor.default\">\n\t\t\t\t<div class=\"elementor-widget-container\">\n\t\t\t\t\t\t\t<p>Die vorliegenden Allgemeinen Gesch\u00e4ftsbedingungen regeln die Nutzung des Online-Shops www.assade.com, f\u00fcr den Assad\u00e9 Idiomas, S.L., im Folgenden &#8220;Assad\u00e9&#8221;, rechtlich verantwortlich ist. Mit der Annahme dieser Bedingungen erkl\u00e4rt der Benutzer, dass er sie gelesen, verstanden und verstanden hat und dass er alle seine Verpflichtungen \u00fcbernimmt. Wenn der Nutzer mit dem Inhalt dieses Dokuments nicht einverstanden ist, muss er diese Website verlassen und darf nicht auf die dort angebotenen Dienste zugreifen oder diese nutzen. Ebenso akzeptiert der Nutzer ausdr\u00fccklich und ausnahmslos, dass der Zugang und die Nutzung dieser Website, ihrer Dienste und der Inhalte dieser Dienste unter seiner alleinigen und ausschlie\u00dflichen Verantwortung erfolgt.<\/p><p>Die vorliegenden Bedingungen werden von den Parteien vorbehaltlos akzeptiert und k\u00f6nnen jederzeit und ohne Vorank\u00fcndigung ge\u00e4ndert werden, wobei es in der Verantwortung des Benutzers liegt, sie bei einem Kauf oder Vertragsabschluss zu lesen. Die zum Zeitpunkt des Vertragsabschlusses geltenden Bedingungen sind die f\u00fcr Sie geltenden.<\/p>\t\t\t\t\t\t<\/div>\n\t\t\t\t<\/div>\n\t\t\t\t<div class=\"elementor-element elementor-element-8e6c30a elementor-widget elementor-widget-heading\" data-id=\"8e6c30a\" data-element_type=\"widget\" data-widget_type=\"heading.default\">\n\t\t\t\t<div class=\"elementor-widget-container\">\n\t\t\t<h2 class=\"elementor-heading-title elementor-size-default\">Anwendbare Bestimmungen<\/h2>\t\t<\/div>\n\t\t\t\t<\/div>\n\t\t\t\t<div class=\"elementor-element elementor-element-a9c5b1b elementor-widget elementor-widget-text-editor\" data-id=\"a9c5b1b\" data-element_type=\"widget\" data-widget_type=\"text-editor.default\">\n\t\t\t\t<div class=\"elementor-widget-container\">\n\t\t\t\t\t\t\t<p>Dieser elektronische Vertrag wird nach spanischem Recht abgeschlossen, insbesondere nach den Bestimmungen des Gesetzes 34\/2002 vom 11. Juli \u00fcber die Dienstleistungen der Informationsgesellschaft und den elektronischen Handel (LSSICE) und des Gesetzes 03\/2014 vom 27. M\u00e4rz \u00fcber den allgemeinen Verbraucher- und Nutzerschutz (LGDCU).<\/p><p>Der elektronische Vertrag wird nicht von einem Dritten archiviert und die Sprache f\u00fcr seinen Abschluss ist Spanisch. Die vorliegenden allgemeinen Gesch\u00e4ftsbedingungen k\u00f6nnen vom Nutzer, der einen Kauf \u00fcber die Optionen seines Internetbrowsers t\u00e4tigt, jederzeit gespeichert und reproduziert werden und m\u00fcssen vor der Bezahlung der Bestellung akzeptiert werden.<\/p>\t\t\t\t\t\t<\/div>\n\t\t\t\t<\/div>\n\t\t\t\t<div class=\"elementor-element elementor-element-f3c550d elementor-widget elementor-widget-heading\" data-id=\"f3c550d\" data-element_type=\"widget\" data-widget_type=\"heading.default\">\n\t\t\t\t<div class=\"elementor-widget-container\">\n\t\t\t<h2 class=\"elementor-heading-title elementor-size-default\">Nutzerkonto und Berichtigung von Fehlern<\/h2>\t\t<\/div>\n\t\t\t\t<\/div>\n\t\t\t\t<div class=\"elementor-element elementor-element-f5dd683 elementor-widget elementor-widget-text-editor\" data-id=\"f5dd683\" data-element_type=\"widget\" data-widget_type=\"text-editor.default\">\n\t\t\t\t<div class=\"elementor-widget-container\">\n\t\t\t\t\t\t\t<p>Um in diesem Shop online einzukaufen, k\u00f6nnen Sie sich registrieren lassen, indem Sie ein &#8220;Nutzerkonto&#8221; anlegen, oder einen Schnellkauf ohne Registrierung (als Gast) t\u00e4tigen.<\/p><p>Wenn Sie als Gast einkaufen, werden keine pers\u00f6nlichen Daten auf der Website gespeichert, und es ist auch nicht m\u00f6glich, Ihre Bestellhistorie einzusehen. Pers\u00f6nliche Daten werden nur f\u00fcr die Verwaltung der angeforderten Dienstleistungen aufbewahrt.<\/p><p>Wenn Sie sich f\u00fcr eine Registrierung entscheiden, erhalten Sie eine E-Mail mit der Best\u00e4tigung, dass der Vorgang erfolgreich abgeschlossen wurde, sowie eine Erinnerung an Ihre Anmeldedaten. Von Ihrem Konto aus k\u00f6nnen Sie Eink\u00e4ufe t\u00e4tigen, Ihre Bestellhistorie einsehen, Ihr Passwort \u00e4ndern, Ihre pers\u00f6nlichen Daten \u00e4ndern, Ihre Rechnungsadresse \u00e4ndern, Kommentare abgeben und andere Verfahren oder Formalit\u00e4ten im Zusammenhang mit Ihren Eink\u00e4ufen erledigen.<\/p><p>Dar\u00fcber hinaus k\u00f6nnen Sie jederzeit auf Ihr Privatkonto zugreifen, um die Informationen zu \u00fcberpr\u00fcfen und gegebenenfalls Fehler bei der Eingabe der Daten zu korrigieren oder zu aktualisieren. Die Rechnungsdaten k\u00f6nnen auch w\u00e4hrend des Kaufvorgangs korrigiert oder aktualisiert werden.<\/p><p>Sie k\u00f6nnen sich jederzeit abmelden, indem Sie eine E-Mail von der Adresse, die Sie abmelden m\u00f6chten, an <a href=\"mailto:info@assade.com\">info@assade.com<\/a> schicken, was die L\u00f6schung Ihrer pers\u00f6nlichen Daten zur Folge hat.<\/p><p>F\u00fcr die Einrichtung und L\u00f6schung eines Nutzerkontos gelten in jedem Fall die Bestimmungen der Datenschutzrichtlinie.<\/p>\t\t\t\t\t\t<\/div>\n\t\t\t\t<\/div>\n\t\t\t\t<div class=\"elementor-element elementor-element-9c77210 elementor-widget elementor-widget-heading\" data-id=\"9c77210\" data-element_type=\"widget\" data-widget_type=\"heading.default\">\n\t\t\t\t<div class=\"elementor-widget-container\">\n\t\t\t<h2 class=\"elementor-heading-title elementor-size-default\">Einkaufsprozess <\/h2>\t\t<\/div>\n\t\t\t\t<\/div>\n\t\t\t\t<div class=\"elementor-element elementor-element-d6d7267 elementor-widget elementor-widget-text-editor\" data-id=\"d6d7267\" data-element_type=\"widget\" data-widget_type=\"text-editor.default\">\n\t\t\t\t<div class=\"elementor-widget-container\">\n\t\t\t\t\t\t\tDer Kauf bei &#8220;Assad\u00e9&#8221; ist einfach und unkompliziert, folgen Sie einfach den folgenden Schritten:\n<ol class=\"policy-ul\">\n \t<li>W\u00e4hlen Sie die Dienstleistungen, die Sie von den von &#8220;Assad\u00e9&#8221; angebotenen erwerben m\u00f6chten. Wenn Sie auf jeden Service klicken, gelangen Sie auf seine Registerkarte, die eine detaillierte Beschreibung mit Informationen, Hauptmerkmalen und Preis enth\u00e4lt. Wenn Sie weitere Informationen ben\u00f6tigen, z\u00f6gern Sie nicht, uns zu fragen.<\/li>\n<\/ol>\n<ol class=\"policy-ul\" start=\"2\">\n \t<li>Sobald Sie die\/die Dienstleistungen\/Leistungen, die Sie kaufen m\u00f6chten, ausgew\u00e4hlt haben, m\u00fcssen Sie auf die Schaltfl\u00e4che &#8220;Jetzt registrieren&#8221; klicken und den Service in Ihren Warenkorb legen. Wenn Sie m\u00f6chten, k\u00f6nnen Sie weitere Dienste in den Warenkorb legen oder direkt zur Zahlung \u00fcbergehen.<\/li>\n<\/ol>\n<ol class=\"policy-ul\" start=\"3\">\n \t<li>Nach Abschluss der Auswahl der Dienste wird eine Zusammenfassung angezeigt, in der sie identifiziert werden. Schlie\u00dflich m\u00fcssen Sie auf die Schaltfl\u00e4che &#8220;Zahlung bearbeiten&#8221; klicken, um Ihren Vertrag fortzusetzen.<\/li>\n<\/ol>\n<ol class=\"policy-ul\" start=\"4\">\n \t<li>Wie bereits erw\u00e4hnt, haben Sie an der Kasse die M\u00f6glichkeit, sich zu registrieren oder einen schnellen Kauf ohne Registrierung (als Gast) zu t\u00e4tigen. Bei der Registrierung m\u00fcssen Sie Ihre Daten angeben und bei Ihren n\u00e4chsten Eink\u00e4ufen m\u00fcssen Sie Ihre Daten nicht erneut eingeben.<\/li>\n<\/ol>\n<ol class=\"policy-ul\" start=\"5\">\n \t<li>Schlie\u00dflich m\u00fcssen Sie die vorliegenden Vertragsbedingungen akzeptieren und die von &#8220;Assad\u00e9&#8221; angebotenen Zahlungsmittel ausw\u00e4hlen (siehe n\u00e4chster Abschnitt).<\/li>\n<\/ol>\n<ol class=\"policy-ul\" start=\"6\">\n \t<li>Sobald der Vertragsabschluss abgeschlossen ist, senden wir Ihnen eine E-Mail mit den Einzelheiten des Vertrags, den Zugang zum MS Teams-Konto sowie eine Quittung oder Rechnung. Um den virtuellen Unterricht und den Informationsfluss zwischen den Parteien zu beschleunigen und zu gew\u00e4hrleisten, stellt &#8220;Assad\u00e9&#8221; Ihnen eine E-Mail-Adresse zur Verf\u00fcgung und richtet ein spezielles Konto in der Anwendung MS Teams ein. Das zu diesem Zweck eingerichtete Konto lautet nombre.apellido@assade.es. Wenn Sie diese E-Mail nicht innerhalb von 24 Stunden erhalten oder wenn Sie einen Fehler in den eingegebenen Daten feststellen, kontaktieren Sie uns bitte auf einem der folgenden Wege:<\/li>\n<\/ol>\n<ul class=\"policy-ul\">\n \t<li>Telefonisch unter 699 548 096<\/li>\n \t<li> Mitteilung in der Rubrik Kontakt auf dieser Website.<\/li>\n \t<li> Schreiben Sie an die E-Mail Adresse info@assade.com<\/li>\n<\/ul>\nWenn Sie nicht zugestimmt haben, dass wir Ihnen die Rechnung in elektronischer Form zusenden, erhalten Sie ohne zus\u00e4tzliche Kosten eine Papierversion. Andernfalls k\u00f6nnen Sie Ihre Zustimmung widerrufen, indem Sie sich auf einem der oben genannten Wege an uns wenden.\t\t\t\t\t\t<\/div>\n\t\t\t\t<\/div>\n\t\t\t\t<div class=\"elementor-element elementor-element-2dfcf32 elementor-widget elementor-widget-heading\" data-id=\"2dfcf32\" data-element_type=\"widget\" data-widget_type=\"heading.default\">\n\t\t\t\t<div class=\"elementor-widget-container\">\n\t\t\t<h2 class=\"elementor-heading-title elementor-size-default\">Zahlungsmodalit\u00e4ten<\/h2>\t\t<\/div>\n\t\t\t\t<\/div>\n\t\t\t\t<div class=\"elementor-element elementor-element-d92a036 elementor-widget elementor-widget-text-editor\" data-id=\"d92a036\" data-element_type=\"widget\" data-widget_type=\"text-editor.default\">\n\t\t\t\t<div class=\"elementor-widget-container\">\n\t\t\t\t\t\t\t<p>&#8220;Assad\u00e9&#8221; bietet Ihnen verschiedene Zahlungsm\u00f6glichkeiten an:\u00a0\u00a0<\/p><ul class=\"policy-ul\"><li>Kredit- oder Debitkarte<\/li><li>PayPal<\/li><\/ul><p>Nachstehend finden Sie die Bedingungen f\u00fcr jede dieser Zahlungsarten.<\/p><p><strong>\u2192<\/strong> Kredit- oder Debitkarte<\/p><p>Die Zahlung per Kredit- oder Debitkarte erfolgt \u00fcber das sichere Zahlungsportal der BBVA. Bei dieser Zahlungsmethode sammelt oder manipuliert &#8220;Assad\u00e9&#8221; niemals Kundendaten, die sich auf Ihre Kartennummer beziehen. Alle Daten werden direkt von der BBVA verarbeitet, so dass &#8220;Assad\u00e9&#8221; immer die gr\u00f6\u00dfte Sicherheit, Transparenz und Vertraulichkeit bei der Transaktion bieten kann.<\/p><p><strong>\u2192<\/strong> Paypal<\/p><p>Nehmen Sie die Zahlung mit Ihrem PayPal-Konto vor. Bei dieser Zahlungsmethode sammelt oder manipuliert &#8220;Assad\u00e9&#8221; keine Bankdaten. Alle Daten werden direkt von Paypal verarbeitet, so dass &#8220;Assad\u00e9&#8221; immer die gr\u00f6\u00dfte Transparenz, Sicherheit und Vertraulichkeit in der Transaktion bieten kann.<\/p>\t\t\t\t\t\t<\/div>\n\t\t\t\t<\/div>\n\t\t\t\t<div class=\"elementor-element elementor-element-0c6accc elementor-widget elementor-widget-heading\" data-id=\"0c6accc\" data-element_type=\"widget\" data-widget_type=\"heading.default\">\n\t\t\t\t<div class=\"elementor-widget-container\">\n\t\t\t<h2 class=\"elementor-heading-title elementor-size-default\">Preise Steuern und Geb\u00fchren<\/h2>\t\t<\/div>\n\t\t\t\t<\/div>\n\t\t\t\t<div class=\"elementor-element elementor-element-08e34dc elementor-widget elementor-widget-text-editor\" data-id=\"08e34dc\" data-element_type=\"widget\" data-widget_type=\"text-editor.default\">\n\t\t\t\t<div class=\"elementor-widget-container\">\n\t\t\t\t\t\t\t<p>Die Preise sind in Euro angegeben. Die Preise f\u00fcr die Dienstleistungen von &#8220;Assad\u00e9&#8221; k\u00f6nnen variieren, aber eventuelle \u00c4nderungen haben keinen Einfluss auf Buchungen, f\u00fcr die bereits eine Best\u00e4tigung verschickt wurde.\u00a0<\/p><p>Der Endpreis der in Auftrag gegebenen Dienstleistungen kann je nach den jeweils geltenden Steuern oder je nach Adresse und Profil des K\u00e4ufers (Privatperson oder Gewerbetreibender) variieren. Mit Ausnahme der Aktivit\u00e4ten, die nicht der Mehrwertsteuer unterliegen oder von ihr befreit sind, werden auf unserer Website die folgenden Steuern erhoben:<\/p><p>Die folgenden Steuern gelten f\u00fcr die auf unserer Website angebotenen Dienstleistungen:<\/p><ul class=\"policy-ul\"><li>Der UVP f\u00fcr Dienstleistungen, die f\u00fcr Kunden mit einer Rechnungsadresse auf der Iberischen Halbinsel und den Balearen erbracht werden, enth\u00e4lt in jedem Fall die Mehrwertsteuer.<\/li><li>Der UVP f\u00fcr Dienstleistungen, die f\u00fcr Kunden mit einer Rechnungsadresse in anderen EU-L\u00e4ndern erbracht werden und bei denen der K\u00e4ufer eine nat\u00fcrliche Person (Privatperson) ist, enth\u00e4lt die Mehrwertsteuer des Landes, in dem der Dienstleister ans\u00e4ssig ist.<\/li><li>Der Einzelhandelspreis f\u00fcr Dienstleistungen, die f\u00fcr Kunden mit einer Rechnungsadresse in anderen EU-L\u00e4ndern erbracht werden und bei denen der K\u00e4ufer ein Unternehmen oder ein Freiberufler ist, enth\u00e4lt KEINE Mehrwertsteuer, wenn sie im ROI (Register f\u00fcr innergemeinschaftliche Gesch\u00e4fte) eingetragen sind. Andernfalls enth\u00e4lt der Preis der Dienstleistung die Mehrwertsteuer des Landes, in dem der Dienstleister ans\u00e4ssig ist.<\/li><li>Der PVP von Dienstleistungen, die f\u00fcr Kunden mit einer Rechnungsadresse auf den Kanarischen Inseln oder in Ceuta und Melilla und generell in allen Nicht-EU-L\u00e4ndern erbracht werden, enth\u00e4lt KEINE Mehrwertsteuer, da der Vorgang als Export behandelt wird. Der f\u00fcr jeden Dienst angegebene Preis ist der Endpreis des Dienstes.<\/li><\/ul>\t\t\t\t\t\t<\/div>\n\t\t\t\t<\/div>\n\t\t\t\t<div class=\"elementor-element elementor-element-6b6fb57 elementor-widget elementor-widget-heading\" data-id=\"6b6fb57\" data-element_type=\"widget\" data-widget_type=\"heading.default\">\n\t\t\t\t<div class=\"elementor-widget-container\">\n\t\t\t<h2 class=\"elementor-heading-title elementor-size-default\">L\u00f6schung, Stornierung und Sperrung von Konten und Diensten<\/h2>\t\t<\/div>\n\t\t\t\t<\/div>\n\t\t\t\t<div class=\"elementor-element elementor-element-344431e elementor-widget elementor-widget-text-editor\" data-id=\"344431e\" data-element_type=\"widget\" data-widget_type=\"text-editor.default\">\n\t\t\t\t<div class=\"elementor-widget-container\">\n\t\t\t\t\t\t\t<p>Nutzerkonten werden nicht wegen mangelnder Nutzung gel\u00f6scht. Der Nutzer kann sein Konto l\u00f6schen, indem er die Mitarbeiter von &#8220;Assad\u00e9&#8221; um die L\u00f6schung bittet, indem er eine E-Mail an info@assade.com schickt oder \u00fcber sein Kontoprofil.\u00a0<\/p><p>Der mit dem Sch\u00fcler geschlossene Vertrag l\u00e4uft bis zum 30. Juni des laufenden Schuljahres. Die Verl\u00e4ngerung gilt stillschweigend bis zum 30. Juni des Folgejahres, es sei denn, es handelt sich um eine Verl\u00e4ngerung:<\/p><ol class=\"policy-ul\"><li>Die Schule informiert den Sch\u00fcler 2 Wochen (f\u00fcnfzehn Tage) im Voraus \u00fcber die Aussetzung des Dienstes.<\/li><li>Der Sch\u00fcler kann die Schule jederzeit schriftlich von der K\u00fcndigung in Kenntnis setzen. Die K\u00fcndigung wird 6 Wochen nach dem Ende der Woche, in der die K\u00fcndigung mitgeteilt wurde, wirksam.<\/li><\/ol><p>Im Falle der Nichtzahlung des Vertrags kann der Vertrag vor\u00fcbergehend ausgesetzt werden, bis der Nutzer die Situation der Nichtzahlung gekl\u00e4rt hat. Wenn mehr als 15 Tage verstrichen sind, wird der Dienst storniert, was den Nutzer nicht davon befreit, den anteiligen Teil des Dienstes zu bezahlen, den er vor der Aussetzung in Anspruch nehmen konnte.<\/p><p>&#8220;Assad\u00e9&#8221; beh\u00e4lt sich das Recht vor, den Zugang zum Benutzerkonto ohne Vorank\u00fcndigung zu sperren (oder das Benutzerkonto direkt zu l\u00f6schen), wenn der Benutzer es in rechtswidriger Weise benutzt oder die hier festgelegten Verpflichtungen und Regeln nicht einh\u00e4lt, was ihm per E-Mail mitgeteilt wird. Die Sperrung oder L\u00f6schung des Benutzerkontos hat keine Auswirkungen auf die Verpflichtung zur Zahlung der erworbenen Dienstleistung, wenn diese bereits erbracht wurde.<\/p><p>In Ausnahmef\u00e4llen k\u00f6nnen die Administratoren von &#8220;Assad\u00e9&#8221; nach eigenem Ermessen und unter Abw\u00e4gung der Schwere des Versto\u00dfes beschlie\u00dfen, den betreffenden Nutzer zu verwarnen, bevor sie sein Konto endg\u00fcltig l\u00f6schen oder sperren.<\/p><p>Mit der Registrierung als Nutzer erkl\u00e4ren Sie sich damit einverstanden, dass die Eigent\u00fcmer dieser Website sich das Recht vorbehalten, diese Website und ihre Dienste jederzeit und ohne Vorank\u00fcndigung zu \u00e4ndern oder einzustellen oder die bereitgestellten Daten vor\u00fcbergehend oder dauerhaft zu entfernen.<\/p>\t\t\t\t\t\t<\/div>\n\t\t\t\t<\/div>\n\t\t\t\t<div class=\"elementor-element elementor-element-8749acb elementor-widget elementor-widget-heading\" data-id=\"8749acb\" data-element_type=\"widget\" data-widget_type=\"heading.default\">\n\t\t\t\t<div class=\"elementor-widget-container\">\n\t\t\t<h2 class=\"elementor-heading-title elementor-size-default\">R\u00fcckgabe<\/h2>\t\t<\/div>\n\t\t\t\t<\/div>\n\t\t\t\t<div class=\"elementor-element elementor-element-90c2774 elementor-widget elementor-widget-text-editor\" data-id=\"90c2774\" data-element_type=\"widget\" data-widget_type=\"text-editor.default\">\n\t\t\t\t<div class=\"elementor-widget-container\">\n\t\t\t\t\t\t\t<p>Aufgrund des Charakters der Dienstleistungen wird diese als bei Vertragsabschluss ausgef\u00fchrt betrachtet, so dass das im Gesetz 3\/2014 vom 27. M\u00e4rz zum Schutz der Verbraucher und Nutzer festgelegte Widerrufsrecht nicht gilt.\u00a0<\/p><p>Wir bei &#8220;Assad\u00e9&#8221; m\u00f6chten, dass Sie mit den bei uns in Auftrag gegebenen Dienstleistungen zufrieden sind. Aus diesem Grund bieten wir Ihnen die M\u00f6glichkeit, einzelne Unterrichtsstunden, an denen Sie nicht teilnehmen k\u00f6nnen, nachzuholen, wovon Sie uns 24 Stunden im Voraus in Kenntnis setzen m\u00fcssen. Sie k\u00f6nnen einen Kurs pro Monat zu dem von &#8220;Assad\u00e9&#8221; vorgeschlagenen Zeitpunkt nachholen. Bei Ablehnung dieses Vorschlags gehen wir davon aus, dass der Kurs nach dem Stichtag abgesagt wurde.<\/p>\t\t\t\t\t\t<\/div>\n\t\t\t\t<\/div>\n\t\t\t\t<div class=\"elementor-element elementor-element-36aec72 elementor-widget elementor-widget-heading\" data-id=\"36aec72\" data-element_type=\"widget\" data-widget_type=\"heading.default\">\n\t\t\t\t<div class=\"elementor-widget-container\">\n\t\t\t<h2 class=\"elementor-heading-title elementor-size-default\">Beilegung von Streitigkeiten<\/h2>\t\t<\/div>\n\t\t\t\t<\/div>\n\t\t\t\t<div class=\"elementor-element elementor-element-502fa9f elementor-widget elementor-widget-text-editor\" data-id=\"502fa9f\" data-element_type=\"widget\" data-widget_type=\"text-editor.default\">\n\t\t\t\t<div class=\"elementor-widget-container\">\n\t\t\t\t\t\t\t<p>Wie in den neuen europ\u00e4ischen Verordnungen vorgesehen, informieren wir die Nutzer \u00fcber die Existenz einer europ\u00e4ischen Plattform zur Beilegung von Streitigkeiten bei Online-Vertr\u00e4gen. So stellt die Europ\u00e4ische Kommission f\u00fcr die Beilegung verbraucherrechtlicher Streitigkeiten (gem\u00e4\u00df Art. 14.1 der Verordnung (EU) 524\/2013) eine Online-Streitbeilegungsplattform zur Verf\u00fcgung, die unter folgendem Link erreichbar ist: <a href=\"https:\/\/webgate.ec.europa.eu\/odr\/main\/?event=main.home.show&amp;lng=ES\" target=\"_blank\" rel=\"noopener\"><strong>https:\/\/webgate.ec.europa.eu\/odr\/main\/?event=main.home.show&amp;lng=ES<\/strong><\/a><\/p>\t\t\t\t\t\t<\/div>\n\t\t\t\t<\/div>\n\t\t\t\t\t<\/div>\n\t\t<\/div>\n\t\t\t\t\t<\/div>\n\t\t<\/section>\n\t\t\t\t<\/div>\n\t\t","protected":false},"excerpt":{"rendered":"<p>VERKAUFS- UND VERTRAGSBEDINGUNGEN Die vorliegenden Allgemeinen Gesch\u00e4ftsbedingungen regeln die Nutzung des Online-Shops www.assade.com, f\u00fcr den Assad\u00e9 Idiomas, S.L., im Folgenden &#8220;Assad\u00e9&#8221;, rechtlich verantwortlich ist. Mit der Annahme dieser Bedingungen erkl\u00e4rt der Benutzer, dass er sie gelesen, verstanden und verstanden hat und dass er alle seine Verpflichtungen \u00fcbernimmt. Wenn der Nutzer mit dem Inhalt dieses Dokuments [&hellip;]<\/p>\n","protected":false},"author":1,"featured_media":0,"parent":0,"menu_order":0,"comment_status":"closed","ping_status":"closed","template":"page-full-width.php","meta":{"footnotes":""},"class_list":["post-14","page","type-page","status-publish","hentry"],"_links":{"self":[{"href":"https:\/\/assade.com\/de\/wp-json\/wp\/v2\/pages\/14","targetHints":{"allow":["GET"]}}],"collection":[{"href":"https:\/\/assade.com\/de\/wp-json\/wp\/v2\/pages"}],"about":[{"href":"https:\/\/assade.com\/de\/wp-json\/wp\/v2\/types\/page"}],"author":[{"embeddable":true,"href":"https:\/\/assade.com\/de\/wp-json\/wp\/v2\/users\/1"}],"replies":[{"embeddable":true,"href":"https:\/\/assade.com\/de\/wp-json\/wp\/v2\/comments?post=14"}],"version-history":[{"count":1,"href":"https:\/\/assade.com\/de\/wp-json\/wp\/v2\/pages\/14\/revisions"}],"predecessor-version":[{"id":8326,"href":"https:\/\/assade.com\/de\/wp-json\/wp\/v2\/pages\/14\/revisions\/8326"}],"wp:attachment":[{"href":"https:\/\/assade.com\/de\/wp-json\/wp\/v2\/media?parent=14"}],"curies":[{"name":"wp","href":"https:\/\/api.w.org\/{rel}","templated":true}]}}