{"id":7189,"date":"2022-12-15T19:34:32","date_gmt":"2022-12-15T19:34:32","guid":{"rendered":"http:\/\/thmxpress.com\/Assade\/?page_id=7189"},"modified":"2025-04-06T16:09:52","modified_gmt":"2025-04-06T16:09:52","slug":"niveautest","status":"publish","type":"page","link":"https:\/\/assade.com\/de\/niveautest\/","title":{"rendered":"Niveautest"},"content":{"rendered":"\t\t<div data-elementor-type=\"wp-page\" data-elementor-id=\"7189\" class=\"elementor elementor-7189\" data-elementor-post-type=\"page\">\n\t\t\t\t\t\t<section class=\"elementor-section elementor-top-section elementor-element elementor-element-16dee5e elementor-section-stretched elementor-section-boxed elementor-section-height-default elementor-section-height-default qodef-elementor-content-no\" data-id=\"16dee5e\" data-element_type=\"section\" data-settings=\"{&quot;stretch_section&quot;:&quot;section-stretched&quot;,&quot;background_background&quot;:&quot;classic&quot;}\">\n\t\t\t\t\t\t<div class=\"elementor-container elementor-column-gap-default\">\n\t\t\t\t\t<div class=\"elementor-column elementor-col-50 elementor-top-column elementor-element elementor-element-53e805f\" data-id=\"53e805f\" data-element_type=\"column\">\n\t\t\t<div class=\"elementor-widget-wrap elementor-element-populated\">\n\t\t\t\t\t\t<div class=\"elementor-element elementor-element-8fee0ac elementor-widget elementor-widget-heading\" data-id=\"8fee0ac\" data-element_type=\"widget\" data-widget_type=\"heading.default\">\n\t\t\t\t<div class=\"elementor-widget-container\">\n\t\t\t<h2 class=\"elementor-heading-title elementor-size-default\">Test<\/h2>\t\t<\/div>\n\t\t\t\t<\/div>\n\t\t\t\t<div class=\"elementor-element elementor-element-a886c82 elementor-widget elementor-widget-text-editor\" data-id=\"a886c82\" data-element_type=\"widget\" data-widget_type=\"text-editor.default\">\n\t\t\t\t<div class=\"elementor-widget-container\">\n\t\t\t\t\t\t\t<p><strong>Helft euren Kindern, das Beherrschen der deutschen Sprache zur Kernkompetenz ihrer Schulbildung zu machen. <\/strong>La\u00dft sie heute noch damit beginnen, indem sie direkt hier online einen Einstufungstest machen.<\/p>\t\t\t\t\t\t<\/div>\n\t\t\t\t<\/div>\n\t\t\t\t<div class=\"elementor-element elementor-element-ac3c63b elementor-invisible elementor-widget elementor-widget-image\" data-id=\"ac3c63b\" data-element_type=\"widget\" data-settings=\"{&quot;_animation&quot;:&quot;fadeInLeft&quot;}\" data-widget_type=\"image.default\">\n\t\t\t\t<div class=\"elementor-widget-container\">\n\t\t\t\t\t\t\t\t\t\t\t\t\t<img fetchpriority=\"high\" decoding=\"async\" width=\"615\" height=\"1024\" src=\"https:\/\/assade.com\/de\/wp-content\/uploads\/2022\/12\/Test-de-Nivel-left-615x1024.jpg\" class=\"attachment-large size-large wp-image-7192\" alt=\"\" srcset=\"https:\/\/assade.com\/de\/wp-content\/uploads\/2022\/12\/Test-de-Nivel-left-615x1024.jpg 615w, https:\/\/assade.com\/de\/wp-content\/uploads\/2022\/12\/Test-de-Nivel-left-180x300.jpg 180w, https:\/\/assade.com\/de\/wp-content\/uploads\/2022\/12\/Test-de-Nivel-left-768x1279.jpg 768w, https:\/\/assade.com\/de\/wp-content\/uploads\/2022\/12\/Test-de-Nivel-left-600x1000.jpg 600w, https:\/\/assade.com\/de\/wp-content\/uploads\/2022\/12\/Test-de-Nivel-left.jpg 853w\" sizes=\"(max-width: 615px) 100vw, 615px\" \/>\t\t\t\t\t\t\t\t\t\t\t\t\t<\/div>\n\t\t\t\t<\/div>\n\t\t\t\t\t<\/div>\n\t\t<\/div>\n\t\t\t\t<div class=\"elementor-column elementor-col-50 elementor-top-column elementor-element elementor-element-d5f4dd5\" data-id=\"d5f4dd5\" data-element_type=\"column\">\n\t\t\t<div class=\"elementor-widget-wrap elementor-element-populated\">\n\t\t\t\t\t\t<section class=\"elementor-section elementor-inner-section elementor-element elementor-element-7132c3f elementor-section-content-middle elementor-section-boxed elementor-section-height-default elementor-section-height-default qodef-elementor-content-no\" data-id=\"7132c3f\" data-element_type=\"section\">\n\t\t\t\t\t\t<div class=\"elementor-container elementor-column-gap-default\">\n\t\t\t\t\t<div class=\"elementor-column elementor-col-50 elementor-inner-column elementor-element elementor-element-75489f0\" data-id=\"75489f0\" data-element_type=\"column\">\n\t\t\t<div class=\"elementor-widget-wrap elementor-element-populated\">\n\t\t\t\t\t\t<div class=\"elementor-element elementor-element-389bb86 elementor-widget elementor-widget-heading\" data-id=\"389bb86\" data-element_type=\"widget\" data-widget_type=\"heading.default\">\n\t\t\t\t<div class=\"elementor-widget-container\">\n\t\t\t<h2 class=\"elementor-heading-title elementor-size-default\">Finde dein Niveau heraus<\/h2>\t\t<\/div>\n\t\t\t\t<\/div>\n\t\t\t\t\t<\/div>\n\t\t<\/div>\n\t\t\t\t<div class=\"elementor-column elementor-col-50 elementor-inner-column elementor-element elementor-element-30bada2\" data-id=\"30bada2\" data-element_type=\"column\">\n\t\t\t<div class=\"elementor-widget-wrap\">\n\t\t\t\t\t\t\t<\/div>\n\t\t<\/div>\n\t\t\t\t\t<\/div>\n\t\t<\/section>\n\t\t\t\t<section class=\"elementor-section elementor-inner-section elementor-element elementor-element-1d239e7 elementor-section-content-middle elementor-section-boxed elementor-section-height-default elementor-section-height-default qodef-elementor-content-no\" data-id=\"1d239e7\" data-element_type=\"section\">\n\t\t\t\t\t\t<div class=\"elementor-container elementor-column-gap-default\">\n\t\t\t\t\t<div class=\"elementor-column elementor-col-50 elementor-inner-column elementor-element elementor-element-0202404\" data-id=\"0202404\" data-element_type=\"column\" data-settings=\"{&quot;background_background&quot;:&quot;classic&quot;}\">\n\t\t\t<div class=\"elementor-widget-wrap elementor-element-populated\">\n\t\t\t\t\t\t<div class=\"elementor-element elementor-element-6c0ae5d elementor-widget elementor-widget-heading\" data-id=\"6c0ae5d\" data-element_type=\"widget\" data-widget_type=\"heading.default\">\n\t\t\t\t<div class=\"elementor-widget-container\">\n\t\t\t<h2 class=\"elementor-heading-title elementor-size-default\">Der Ausgangspunkt f\u00fcr die von dir angestrebte Ver\u00e4nderung<\/h2>\t\t<\/div>\n\t\t\t\t<\/div>\n\t\t\t\t<div class=\"elementor-element elementor-element-4ef3624 elementor-widget elementor-widget-text-editor\" data-id=\"4ef3624\" data-element_type=\"widget\" data-widget_type=\"text-editor.default\">\n\t\t\t\t<div class=\"elementor-widget-container\">\n\t\t\t\t\t\t\t<p>Nachhaltiges Lernen in einem anderen kulturellen Umfeld erfordert zus\u00e4tzliche Anstrengungen. Als Sch\u00fcler*in, der\/die auf Deutsch unterrichtet wird, profitierst du davon, dass du nicht nur im Unterricht, sondern auch jede passende Gelegenheit nutzt, um auf Deutsch zu kommunizieren. Nur so wirst du deine Unterrichtssprache immer besser beherrschen.<\/p>\t\t\t\t\t\t<\/div>\n\t\t\t\t<\/div>\n\t\t\t\t<div class=\"elementor-element elementor-element-afa7833 elementor-widget elementor-widget-text-editor\" data-id=\"afa7833\" data-element_type=\"widget\" data-widget_type=\"text-editor.default\">\n\t\t\t\t<div class=\"elementor-widget-container\">\n\t\t\t\t\t\t\t<ul class=\"policy-ul\">\n \t<li>Nutze die Gelegenheit, den aktuellen Stand deiner Deutschkenntnisse zu ermitteln.<\/li>\n \t<li>Finde heraus, wie du dein Deutsch auf der Grundlage deiner St\u00e4rken und Fehler im Test verbessern kannst.<\/li>\n \t<li>Erfahre, wie du eine angemessene Sprachkompetenz in Deutsch erlangen kannst, um Lernschwierigkeiten zu \u00fcberwinden.<\/li>\n<\/ul>\t\t\t\t\t\t<\/div>\n\t\t\t\t<\/div>\n\t\t\t\t\t<\/div>\n\t\t<\/div>\n\t\t\t\t<div class=\"elementor-column elementor-col-50 elementor-inner-column elementor-element elementor-element-f723946\" data-id=\"f723946\" data-element_type=\"column\" data-settings=\"{&quot;background_background&quot;:&quot;classic&quot;}\">\n\t\t\t<div class=\"elementor-widget-wrap\">\n\t\t\t\t\t\t\t<\/div>\n\t\t<\/div>\n\t\t\t\t\t<\/div>\n\t\t<\/section>\n\t\t\t\t<section class=\"elementor-section elementor-inner-section elementor-element elementor-element-218dd83 elementor-section-content-middle elementor-section-boxed elementor-section-height-default elementor-section-height-default qodef-elementor-content-no\" data-id=\"218dd83\" data-element_type=\"section\">\n\t\t\t\t\t\t<div class=\"elementor-container elementor-column-gap-default\">\n\t\t\t\t\t<div class=\"elementor-column elementor-col-50 elementor-inner-column elementor-element elementor-element-bc0eb23\" data-id=\"bc0eb23\" data-element_type=\"column\" data-settings=\"{&quot;background_background&quot;:&quot;classic&quot;}\">\n\t\t\t<div class=\"elementor-widget-wrap elementor-element-populated\">\n\t\t\t\t\t\t<div class=\"elementor-element elementor-element-2b852d9 elementor-widget elementor-widget-heading\" data-id=\"2b852d9\" data-element_type=\"widget\" data-widget_type=\"heading.default\">\n\t\t\t\t<div class=\"elementor-widget-container\">\n\t\t\t<h2 class=\"elementor-heading-title elementor-size-default\">Dein Einstufungstest<\/h2>\t\t<\/div>\n\t\t\t\t<\/div>\n\t\t\t\t<div class=\"elementor-element elementor-element-608405f elementor-widget elementor-widget-text-editor\" data-id=\"608405f\" data-element_type=\"widget\" data-widget_type=\"text-editor.default\">\n\t\t\t\t<div class=\"elementor-widget-container\">\n\t\t\t\t\t\t\t<p>Dieser Test bewertet deine Deutschkenntnisse. Der Test besteht aus 64 Aufgaben. Lies dir die Anweisungen zu jeder Aufgabe sorgf\u00e4ltig durch. Bearbeite den Test gr\u00fcndlich. Du solltest f\u00fcr den Test nicht l\u00e4nger als 2 Stunden brauchen. Arbeite die Fragen der Reihe nach durch. Mit &#8220;Weiter&#8221; gelangst du zur n\u00e4chsten Aufgabe und mit &#8220;Zur\u00fcck&#8221; zur vorherigen.<\/p><p>Um den Test abzuschlie\u00dfen, klicke auf &#8220;Alles Einreichen&#8221;, um die Ergebnisse zu erhalten.<\/p>\t\t\t\t\t\t<\/div>\n\t\t\t\t<\/div>\n\t\t\t\t\t<\/div>\n\t\t<\/div>\n\t\t\t\t<div class=\"elementor-column elementor-col-50 elementor-inner-column elementor-element elementor-element-6a9aef6\" data-id=\"6a9aef6\" data-element_type=\"column\" data-settings=\"{&quot;background_background&quot;:&quot;classic&quot;}\">\n\t\t\t<div class=\"elementor-widget-wrap\">\n\t\t\t\t\t\t\t<\/div>\n\t\t<\/div>\n\t\t\t\t\t<\/div>\n\t\t<\/section>\n\t\t\t\t<section class=\"elementor-section elementor-inner-section elementor-element elementor-element-edddf02 elementor-section-content-middle elementor-section-boxed elementor-section-height-default elementor-section-height-default qodef-elementor-content-no\" data-id=\"edddf02\" data-element_type=\"section\">\n\t\t\t\t\t\t<div class=\"elementor-container elementor-column-gap-default\">\n\t\t\t\t\t<div class=\"elementor-column elementor-col-50 elementor-inner-column elementor-element elementor-element-0cbf9e7\" data-id=\"0cbf9e7\" data-element_type=\"column\" data-settings=\"{&quot;background_background&quot;:&quot;classic&quot;}\">\n\t\t\t<div class=\"elementor-widget-wrap elementor-element-populated\">\n\t\t\t\t\t\t<div class=\"elementor-element elementor-element-176613e elementor-widget elementor-widget-heading\" data-id=\"176613e\" data-element_type=\"widget\" data-widget_type=\"heading.default\">\n\t\t\t\t<div class=\"elementor-widget-container\">\n\t\t\t<h2 class=\"elementor-heading-title elementor-size-default\">Deine Ergebnisse<\/h2>\t\t<\/div>\n\t\t\t\t<\/div>\n\t\t\t\t<div class=\"elementor-element elementor-element-15be841 elementor-widget elementor-widget-text-editor\" data-id=\"15be841\" data-element_type=\"widget\" data-widget_type=\"text-editor.default\">\n\t\t\t\t<div class=\"elementor-widget-container\">\n\t\t\t\t\t\t\t<p>Nach Beendigung des Tests werden dir die Zusammenfassung deiner Ergebnisse und eine detaillierte Auswertung deiner Antworten angezeigt. Gib bitte vor Beginn der Bearbeitung des Tests deine E-Mail-Adresse im entsprechenden Feld ein, damit dir dein Ergebnis und die detaillierte Auswertung f\u00fcr eine sp\u00e4tere Nutzung zugeschickt wird.<\/p>\t\t\t\t\t\t<\/div>\n\t\t\t\t<\/div>\n\t\t\t\t\t<\/div>\n\t\t<\/div>\n\t\t\t\t<div class=\"elementor-column elementor-col-50 elementor-inner-column elementor-element elementor-element-8781e90\" data-id=\"8781e90\" data-element_type=\"column\" data-settings=\"{&quot;background_background&quot;:&quot;classic&quot;}\">\n\t\t\t<div class=\"elementor-widget-wrap\">\n\t\t\t\t\t\t\t<\/div>\n\t\t<\/div>\n\t\t\t\t\t<\/div>\n\t\t<\/section>\n\t\t\t\t<div class=\"elementor-element elementor-element-9526814 elementor-widget elementor-widget-button\" data-id=\"9526814\" data-element_type=\"widget\" data-widget_type=\"button.default\">\n\t\t\t\t<div class=\"elementor-widget-container\">\n\t\t\t\t\t<div class=\"elementor-button-wrapper\">\n\t\t\t<a class=\"elementor-button elementor-button-link elementor-size-sm\" href=\"https:\/\/assade.com\/de\/quiz-file\/\" target=\"_blank\">\n\t\t\t\t\t\t<span class=\"elementor-button-content-wrapper\">\n\t\t\t\t\t\t\t\t\t<span class=\"elementor-button-text\">Test starten<\/span>\n\t\t\t\t\t<\/span>\n\t\t\t\t\t<\/a>\n\t\t<\/div>\n\t\t\t\t<\/div>\n\t\t\t\t<\/div>\n\t\t\t\t\t<\/div>\n\t\t<\/div>\n\t\t\t\t\t<\/div>\n\t\t<\/section>\n\t\t\t\t<\/div>\n\t\t","protected":false},"excerpt":{"rendered":"<p>Test Helft euren Kindern, das Beherrschen der deutschen Sprache zur Kernkompetenz ihrer Schulbildung zu machen. La\u00dft sie heute noch damit beginnen, indem sie direkt hier online einen Einstufungstest machen. Finde dein Niveau heraus Der Ausgangspunkt f\u00fcr die von dir angestrebte Ver\u00e4nderung Nachhaltiges Lernen in einem anderen kulturellen Umfeld erfordert zus\u00e4tzliche Anstrengungen. Als Sch\u00fcler*in, der\/die auf [&hellip;]<\/p>\n","protected":false},"author":1,"featured_media":0,"parent":0,"menu_order":0,"comment_status":"closed","ping_status":"closed","template":"page-full-width.php","meta":{"footnotes":""},"class_list":["post-7189","page","type-page","status-publish","hentry"],"_links":{"self":[{"href":"https:\/\/assade.com\/de\/wp-json\/wp\/v2\/pages\/7189","targetHints":{"allow":["GET"]}}],"collection":[{"href":"https:\/\/assade.com\/de\/wp-json\/wp\/v2\/pages"}],"about":[{"href":"https:\/\/assade.com\/de\/wp-json\/wp\/v2\/types\/page"}],"author":[{"embeddable":true,"href":"https:\/\/assade.com\/de\/wp-json\/wp\/v2\/users\/1"}],"replies":[{"embeddable":true,"href":"https:\/\/assade.com\/de\/wp-json\/wp\/v2\/comments?post=7189"}],"version-history":[{"count":1,"href":"https:\/\/assade.com\/de\/wp-json\/wp\/v2\/pages\/7189\/revisions"}],"predecessor-version":[{"id":8336,"href":"https:\/\/assade.com\/de\/wp-json\/wp\/v2\/pages\/7189\/revisions\/8336"}],"wp:attachment":[{"href":"https:\/\/assade.com\/de\/wp-json\/wp\/v2\/media?parent=7189"}],"curies":[{"name":"wp","href":"https:\/\/api.w.org\/{rel}","templated":true}]}}