{"id":7330,"date":"2022-12-16T09:27:22","date_gmt":"2022-12-16T09:27:22","guid":{"rendered":"http:\/\/thmxpress.com\/Assade\/?page_id=7330"},"modified":"2025-04-06T14:23:22","modified_gmt":"2025-04-06T14:23:22","slug":"impressum","status":"publish","type":"page","link":"https:\/\/assade.com\/de\/impressum\/","title":{"rendered":"Impressum"},"content":{"rendered":"\t\t<div data-elementor-type=\"wp-page\" data-elementor-id=\"7330\" class=\"elementor elementor-7330\" data-elementor-post-type=\"page\">\n\t\t\t\t\t\t<section class=\"elementor-section elementor-top-section elementor-element elementor-element-16a856c elementor-section-boxed elementor-section-height-default elementor-section-height-default qodef-elementor-content-no\" data-id=\"16a856c\" data-element_type=\"section\">\n\t\t\t\t\t\t<div class=\"elementor-container elementor-column-gap-default\">\n\t\t\t\t\t<div class=\"elementor-column elementor-col-100 elementor-top-column elementor-element elementor-element-ba6af08\" data-id=\"ba6af08\" data-element_type=\"column\">\n\t\t\t<div class=\"elementor-widget-wrap elementor-element-populated\">\n\t\t\t\t\t\t<div class=\"elementor-element elementor-element-0b37698 elementor-widget elementor-widget-heading\" data-id=\"0b37698\" data-element_type=\"widget\" data-widget_type=\"heading.default\">\n\t\t\t\t<div class=\"elementor-widget-container\">\n\t\t\t<h1 class=\"elementor-heading-title elementor-size-default\">Nutzungsbedingungen<\/h1>\t\t<\/div>\n\t\t\t\t<\/div>\n\t\t\t\t<div class=\"elementor-element elementor-element-c99de5a elementor-widget elementor-widget-text-editor\" data-id=\"c99de5a\" data-element_type=\"widget\" data-widget_type=\"text-editor.default\">\n\t\t\t\t<div class=\"elementor-widget-container\">\n\t\t\t\t\t\t\t<p>In \u00dcbereinstimmung mit Artikel 10 des Gesetzes 34\/2002 vom 11. Juli \u00fcber die Dienstleistungen der Informationsgesellschaft und den elektronischen Handel (LSSICE) stellt Assad\u00e9 Idiomas, S.L. (im Folgenden &#8220;Assad\u00e9&#8221;), verantwortlich f\u00fcr diesen Online-Shop, den Nutzern diese Informationen zur Verf\u00fcgung, um ihre Nutzungsbedingungen zu definieren.<\/p><p>Zus\u00e4tzlich zu den hierin enthaltenen Informationen werden die spezifischen Aspekte im Zusammenhang mit dem Schutz der pers\u00f6nlichen Daten und der Privatsph\u00e4re der Nutzer dieser Website auf den Seiten Datenschutzpolitik und Cookies-Politik behandelt.<\/p>\t\t\t\t\t\t<\/div>\n\t\t\t\t<\/div>\n\t\t\t\t<div class=\"elementor-element elementor-element-8e6c30a elementor-widget elementor-widget-heading\" data-id=\"8e6c30a\" data-element_type=\"widget\" data-widget_type=\"heading.default\">\n\t\t\t\t<div class=\"elementor-widget-container\">\n\t\t\t<h2 class=\"elementor-heading-title elementor-size-default\">Identit\u00e4t des f\u00fcr die Datenverarbeitung Verantwortlichen<\/h2>\t\t<\/div>\n\t\t\t\t<\/div>\n\t\t\t\t<div class=\"elementor-element elementor-element-a9c5b1b elementor-widget elementor-widget-text-editor\" data-id=\"a9c5b1b\" data-element_type=\"widget\" data-widget_type=\"text-editor.default\">\n\t\t\t\t<div class=\"elementor-widget-container\">\n\t\t\t\t\t\t\t<ul class=\"policy-ul\">\n \t<li><strong>Name des Unternehmens<\/strong>: Assad\u00e9 Idiomas, S.L.<\/li>\n \t<li><strong>Handelsname<\/strong>: Assad\u00e9<\/li>\n \t<li><strong>CIF<\/strong>: B66645698<\/li>\n \t<li><strong>Eingetragen im Handelsregister von Barcelona, Band 45065, Buch, Seite 171, Abschnitt, Seite B-475903<\/strong><\/li>\n \t<li><strong>Firmensitz:<\/strong> C\/ Rafael Casanova i Comes n\u00ba1, Local 42 &#8211; 08950, Esplugues de Llobregat, Barcelona, Spanien<\/li>\n \t<li><strong>T\u00e4tigkeit<\/strong>: Bildung<\/li>\n \t<li><strong>Telefon<\/strong>: 699 548 096<\/li>\n \t<li><strong>E-Mail<\/strong>: info@assade.com<\/li>\n \t<li><strong>Website<\/strong>: www.assade.com<\/li>\n<\/ul>\t\t\t\t\t\t<\/div>\n\t\t\t\t<\/div>\n\t\t\t\t<div class=\"elementor-element elementor-element-f3c550d elementor-widget elementor-widget-heading\" data-id=\"f3c550d\" data-element_type=\"widget\" data-widget_type=\"heading.default\">\n\t\t\t\t<div class=\"elementor-widget-container\">\n\t\t\t<h2 class=\"elementor-heading-title elementor-size-default\">Zweck des Webs<\/h2>\t\t<\/div>\n\t\t\t\t<\/div>\n\t\t\t\t<div class=\"elementor-element elementor-element-f5dd683 elementor-widget elementor-widget-text-editor\" data-id=\"f5dd683\" data-element_type=\"widget\" data-widget_type=\"text-editor.default\">\n\t\t\t\t<div class=\"elementor-widget-container\">\n\t\t\t\t\t\t\tDer Assad\u00e9-Onlineshop verfolgt die folgenden Ziele:\n<ul class=\"policy-ul\">\n \t<li>Dem Benutzer die zum Kauf angebotenen Produkte und\/oder Dienstleistungen auf elektronischem Wege zur Verf\u00fcgung zu stellen, sowie Informationen \u00fcber diese und die daf\u00fcr verantwortliche Person zu liefern.<\/li>\n \t<li>Verbreitung von Informationen im Zusammenhang mit dem T\u00e4tigkeitsbereich des f\u00fcr die Verarbeitung Verantwortlichen.<\/li>\n \t<li>Verwaltung der Kommentare und\/oder Bewertungen der Nutzer.<\/li>\n \t<li>Verwaltung der Liste der Abonnenten und Benutzer, die sich f\u00fcr den Blog oder den Newsletter des Online-Shops angemeldet haben.<\/li>\n<\/ul>\t\t\t\t\t\t<\/div>\n\t\t\t\t<\/div>\n\t\t\t\t<div class=\"elementor-element elementor-element-9c77210 elementor-widget elementor-widget-heading\" data-id=\"9c77210\" data-element_type=\"widget\" data-widget_type=\"heading.default\">\n\t\t\t\t<div class=\"elementor-widget-container\">\n\t\t\t<h2 class=\"elementor-heading-title elementor-size-default\">Rechtlicher Rahmen<\/h2>\t\t<\/div>\n\t\t\t\t<\/div>\n\t\t\t\t<div class=\"elementor-element elementor-element-d6d7267 elementor-widget elementor-widget-text-editor\" data-id=\"d6d7267\" data-element_type=\"widget\" data-widget_type=\"text-editor.default\">\n\t\t\t\t<div class=\"elementor-widget-container\">\n\t\t\t\t\t\t\tDie T\u00e4tigkeit dieses Online-Shops unterliegt dem spanischen und europ\u00e4ischen Rechtsrahmen, insbesondere den folgenden Vorschriften:\n<ul class=\"policy-ul\">\n \t<li>Allgemeine Datenschutzverordnung (GDPR) (EU) 2016\/679 vom 27. April, die die Verarbeitung von personenbezogenen Daten in den L\u00e4ndern der Europ\u00e4ischen Union regelt.<\/li>\n \t<li>Organgesetz 3\/2018 vom 5. Dezember \u00fcber den Schutz personenbezogener Daten und die Gew\u00e4hrleistung digitaler Rechte (LOPD und GDD), eine regionale Verordnung (f\u00fcr Spanien), die viele der in der DSGVO enthaltenen Konzepte und Rechte definiert und erweitert.<\/li>\n \t<li>Gesetz 34\/2002 vom 11. Juli \u00fcber die Dienstleistungen der Informationsgesellschaft und den elektronischen Handel (LSSICE), eine Verordnung, die sich auf die Websites auswirkt, die in irgendeiner Weise wirtschaftliche Aktivit\u00e4ten mit elektronischen Mitteln durchf\u00fchren, wie es bei dieser Website der Fall ist.<\/li>\n \t<li>Gesetz 03\/2014, vom 27. M\u00e4rz, Allgemeines Gesetz zum Schutz der Verbraucher und Nutzer (LGDCU), das die Verkaufs- und Vertragsbedingungen regelt.<\/li>\n<\/ul>\t\t\t\t\t\t<\/div>\n\t\t\t\t<\/div>\n\t\t\t\t<div class=\"elementor-element elementor-element-2dfcf32 elementor-widget elementor-widget-heading\" data-id=\"2dfcf32\" data-element_type=\"widget\" data-widget_type=\"heading.default\">\n\t\t\t\t<div class=\"elementor-widget-container\">\n\t\t\t<h2 class=\"elementor-heading-title elementor-size-default\">Nutzungsbedingungen und Verantwortlichkeiten<\/h2>\t\t<\/div>\n\t\t\t\t<\/div>\n\t\t\t\t<div class=\"elementor-element elementor-element-d92a036 elementor-widget elementor-widget-text-editor\" data-id=\"d92a036\" data-element_type=\"widget\" data-widget_type=\"text-editor.default\">\n\t\t\t\t<div class=\"elementor-widget-container\">\n\t\t\t\t\t\t\t<p>Jede Person, die auf diese Website zugreift, \u00fcbernimmt die Rolle des Nutzers und verpflichtet sich, die hier aufgef\u00fchrten Bedingungen sowie alle anderen anwendbaren gesetzlichen Bestimmungen strikt zu beachten und einzuhalten. &#8220;Assad\u00e9&#8221; kann nicht f\u00fcr Sch\u00e4den haftbar gemacht werden, die ihr selbst oder Dritten durch die unsachgem\u00e4\u00dfe Nutzung dieser Website durch den Nutzer entstehen.\u00a0<\/p><p>Die folgenden Verhaltensweisen sind von &#8220;Assad\u00e9&#8221; strengstens verboten. Wenn der Nutzer eine der in den folgenden Punkten beschriebenen Handlungen begeht, die auch einen Straftatbestand darstellen, beh\u00e4lt sich &#8220;Assad\u00e9&#8221; das Recht vor, diese bei den Beh\u00f6rden anzuzeigen, wenn sich herausstellt, dass sie begangen worden sind:<\/p><ul class=\"policy-ul\"><li>Einf\u00fchren oder Verbreiten von Computerviren oder anderen Systemen, die geeignet sind, die physischen oder logischen Systeme des Inhabers der Domain, seiner Lieferanten oder Dritter zu sch\u00e4digen. Dieses Verbot schlie\u00dft auch eventuell eingef\u00fcgte Skripte ein.<\/li><li>Den Inhalt der Website ohne Genehmigung zu vervielf\u00e4ltigen.<\/li><li>Zugriff (oder Zugriffsversuch) auf gesperrte Bereiche der Plattform, ohne die daf\u00fcr erforderlichen Bedingungen einzuhalten. sowie die Offenlegung von Daten \u00fcber den Betrieb der Website ohne ausdr\u00fcckliche Genehmigung der Administratoren derselben.<\/li><li>Die Umgehung (oder der Versuch der Umgehung) der von &#8220;Assad\u00e9&#8221; eingerichteten Zahlungssysteme.<\/li><\/ul><p>Der Inhalt dieser Website kann unter keinen Umst\u00e4nden als Ersatz f\u00fcr eine Rechtsberatung angesehen werden.<\/p><p>&#8220;Assad\u00e9&#8221; beh\u00e4lt sich das Recht vor, jede Art von Information, die im Online-Shop erscheint, jederzeit und ohne Vorank\u00fcndigung zu \u00e4ndern, ohne dass eine Verpflichtung zur Vorank\u00fcndigung oder Information der Benutzer besteht, wobei die Ver\u00f6ffentlichung auf dieser Website als ausreichend angesehen wird.<\/p><p>Diese Website wurde so \u00fcberarbeitet und getestet, dass sie ohne Unterbrechung korrekt funktioniert. Assad\u00e9&#8221; schlie\u00dft jedoch das Vorhandensein bestimmter Programmierfehler, gelegentliche Nichtverf\u00fcgbarkeit (z.B. Serverabst\u00fcrze oder Serverwartung) oder das Auftreten von h\u00f6herer Gewalt, Naturkatastrophen, Streiks oder \u00e4hnlichen Umst\u00e4nden, die den Zugang zur Website vor\u00fcbergehend unm\u00f6glich machen, nicht aus.<\/p><p>Der Nutzer verpflichtet sich, diese Website bzw. die auf ihr angebotenen Dienstleistungen oder Produkte nicht zu nutzen, um Aktivit\u00e4ten durchzuf\u00fchren, die gegen das Gesetz, die \u00f6ffentliche Ordnung oder die vorliegenden Nutzungsbedingungen versto\u00dfen. Daher ist &#8220;Assad\u00e9&#8221; nicht verantwortlich f\u00fcr die Informationen und Inhalte, die in Foren, Chats, Blogs, Kommentaren, sozialen Netzwerken oder anderen Medien, die es Dritten erm\u00f6glichen, Inhalte zu ver\u00f6ffentlichen, gespeichert werden, aber nicht darauf beschr\u00e4nkt sind. In \u00dcbereinstimmung mit den Bestimmungen der Artikel 11 und 16 des LSSI-CE steht &#8220;Assad\u00e9&#8221; jedoch allen Nutzern, Beh\u00f6rden und Sicherheitskr\u00e4ften zur Verf\u00fcgung und arbeitet aktiv an der Entfernung oder Sperrung aller Inhalte mit, die die nationale oder internationale Gesetzgebung, die Rechte Dritter oder die Moral und die \u00f6ffentliche Ordnung beeintr\u00e4chtigen oder verletzen k\u00f6nnten. Sollte ein Nutzer der Meinung sein, dass sich auf der Website Inhalte befinden, die f\u00fcr diese Einstufung in Frage kommen k\u00f6nnten, bitten wir ihn, unsere Mitarbeiter unverz\u00fcglich zu benachrichtigen.<\/p><p>&#8220;Assad\u00e9&#8221; beh\u00e4lt sich das Recht vor, den Zugang zum Shop ohne Vorank\u00fcndigung zu verweigern oder zu entziehen, sei es auf eigenes Verlangen oder auf Verlangen eines Dritten, wenn der Nutzer unsere Nutzungsbedingungen nicht einh\u00e4lt.<\/p>\t\t\t\t\t\t<\/div>\n\t\t\t\t<\/div>\n\t\t\t\t<div class=\"elementor-element elementor-element-0c6accc elementor-widget elementor-widget-heading\" data-id=\"0c6accc\" data-element_type=\"widget\" data-widget_type=\"heading.default\">\n\t\t\t\t<div class=\"elementor-widget-container\">\n\t\t\t<h2 class=\"elementor-heading-title elementor-size-default\">Geistiges Eigentum<\/h2>\t\t<\/div>\n\t\t\t\t<\/div>\n\t\t\t\t<div class=\"elementor-element elementor-element-08e34dc elementor-widget elementor-widget-text-editor\" data-id=\"08e34dc\" data-element_type=\"widget\" data-widget_type=\"text-editor.default\">\n\t\t\t\t<div class=\"elementor-widget-container\">\n\t\t\t\t\t\t\t<p>Die Website, einschlie\u00dflich, aber nicht beschr\u00e4nkt auf ihre Programmierung, Bearbeitung, Zusammenstellung und andere f\u00fcr ihren Betrieb notwendige Elemente, die Entw\u00fcrfe, Logos, Texte und\/oder Grafiken sind Eigentum von &#8220;Assad\u00e9&#8221; oder gegebenenfalls mit einer Lizenz oder ausdr\u00fccklichen Genehmigung der Urheber.<\/p><p>Der gesamte Inhalt der Website ist durch die Vorschriften \u00fcber geistiges und gewerbliches Eigentum ordnungsgem\u00e4\u00df gesch\u00fctzt und in den entsprechenden \u00f6ffentlichen Registern eingetragen. Die vollst\u00e4ndige oder teilweise Vervielf\u00e4ltigung und\/oder Ver\u00f6ffentlichung der Website, ihre elektronische Verarbeitung, ihr Vertrieb, ihre Verbreitung, ihre \u00c4nderung oder Umgestaltung ist ohne vorherige schriftliche Genehmigung von &#8220;Assad\u00e9&#8221; nicht gestattet. &#8220;Assad\u00e9&#8221; wird f\u00fcr die Einhaltung der oben genannten Bedingungen sowie f\u00fcr die ordnungsgem\u00e4\u00dfe Nutzung der auf seinen Webseiten pr\u00e4sentierten Inhalte sorgen und im Falle einer Verletzung oder eines Versto\u00dfes gegen diese Rechte durch den Nutzer alle ihm zustehenden zivil- und strafrechtlichen Ma\u00dfnahmen ergreifen.<\/p><p>Die Entw\u00fcrfe, Logos, Texte und\/oder Grafiken, die nicht zu &#8220;Assad\u00e9&#8221; geh\u00f6ren und die auf der Website erscheinen k\u00f6nnen, geh\u00f6ren ihren jeweiligen Eigent\u00fcmern, die selbst f\u00fcr eventuelle Streitigkeiten in Bezug auf diese verantwortlich sind. In jedem Fall hat &#8220;Assad\u00e9&#8221; die ausdr\u00fcckliche und vorherige Genehmigung der Eigent\u00fcmer. &#8220;Assad\u00e9&#8221; erkennt die entsprechenden gewerblichen und geistigen Eigentumsrechte zugunsten ihrer Eigent\u00fcmer an, und ihre blo\u00dfe Erw\u00e4hnung oder ihr Erscheinen auf der Website impliziert weder das Vorhandensein von Rechten oder die Verantwortung der f\u00fcr sie verantwortlichen Partei, noch eine Bef\u00fcrwortung, Unterst\u00fctzung oder Empfehlung durch diese Partei.<\/p>\t\t\t\t\t\t<\/div>\n\t\t\t\t<\/div>\n\t\t\t\t<div class=\"elementor-element elementor-element-6b6fb57 elementor-widget elementor-widget-heading\" data-id=\"6b6fb57\" data-element_type=\"widget\" data-widget_type=\"heading.default\">\n\t\t\t\t<div class=\"elementor-widget-container\">\n\t\t\t<h2 class=\"elementor-heading-title elementor-size-default\">Links zu Dritten<\/h2>\t\t<\/div>\n\t\t\t\t<\/div>\n\t\t\t\t<div class=\"elementor-element elementor-element-344431e elementor-widget elementor-widget-text-editor\" data-id=\"344431e\" data-element_type=\"widget\" data-widget_type=\"text-editor.default\">\n\t\t\t\t<div class=\"elementor-widget-container\">\n\t\t\t\t\t\t\t<p>&#8220;Assad\u00e9&#8221; kann dem Nutzer Links oder andere Elemente zur Verf\u00fcgung stellen, die den Zugang zu anderen Websites Dritter erm\u00f6glichen. Wir vermarkten weder die Produkte und\/oder Dienstleistungen dieser verlinkten Seiten, noch \u00fcbernehmen wir irgendeine Verantwortung f\u00fcr diese, noch f\u00fcr die darin enthaltenen Informationen, noch f\u00fcr deren Wahrhaftigkeit oder Rechtm\u00e4\u00dfigkeit, noch f\u00fcr die Auswirkungen, die sich daraus ergeben k\u00f6nnen.<\/p><p>In jedem Fall erkl\u00e4rt &#8220;Assad\u00e9&#8221;, dass es jeden Inhalt, der gegen die nationale oder internationale Gesetzgebung, die Moral oder die \u00f6ffentliche Ordnung versto\u00dfen k\u00f6nnte, unverz\u00fcglich entfernen wird, indem es die Weiterleitung zu dieser Website sofort zur\u00fcckzieht und die zust\u00e4ndigen Beh\u00f6rden \u00fcber den fraglichen Inhalt informiert.<\/p>\t\t\t\t\t\t<\/div>\n\t\t\t\t<\/div>\n\t\t\t\t<div class=\"elementor-element elementor-element-8749acb elementor-widget elementor-widget-heading\" data-id=\"8749acb\" data-element_type=\"widget\" data-widget_type=\"heading.default\">\n\t\t\t\t<div class=\"elementor-widget-container\">\n\t\t\t<h2 class=\"elementor-heading-title elementor-size-default\">Anwendbares Recht und Gerichtbarkeit<\/h2>\t\t<\/div>\n\t\t\t\t<\/div>\n\t\t\t\t<div class=\"elementor-element elementor-element-90c2774 elementor-widget elementor-widget-text-editor\" data-id=\"90c2774\" data-element_type=\"widget\" data-widget_type=\"text-editor.default\">\n\t\t\t\t<div class=\"elementor-widget-container\">\n\t\t\t\t\t\t\t<p>Die Sprache, in der dieser rechtliche Hinweis in Original verfasst und ausgelegt wird, ist Spanisch.<\/p><p>Die Beziehung zwischen &#8220;Assad\u00e9&#8221; und dem Nutzer unterliegt in all ihren Aspekten dem spanischen Recht, dem sich beide Parteien im Falle von Streitigkeiten oder Fragen im Zusammenhang mit dieser Website oder den darin durchgef\u00fchrten Aktivit\u00e4ten ausdr\u00fccklich unterwerfen.<\/p><p>F\u00fcr den Fall, dass der Nutzer seinen Wohnsitz au\u00dferhalb Spaniens hat, verzichten &#8220;Assad\u00e9&#8221; und der Nutzer ausdr\u00fccklich auf ihr Recht, eine andere Gerichtsbarkeit in Anspruch zu nehmen und unterwerfen sich den zust\u00e4ndigen Gerichten und Tribunalen Spaniens.<\/p>\t\t\t\t\t\t<\/div>\n\t\t\t\t<\/div>\n\t\t\t\t\t<\/div>\n\t\t<\/div>\n\t\t\t\t\t<\/div>\n\t\t<\/section>\n\t\t\t\t<\/div>\n\t\t","protected":false},"excerpt":{"rendered":"<p>Nutzungsbedingungen In \u00dcbereinstimmung mit Artikel 10 des Gesetzes 34\/2002 vom 11. Juli \u00fcber die Dienstleistungen der Informationsgesellschaft und den elektronischen Handel (LSSICE) stellt Assad\u00e9 Idiomas, S.L. (im Folgenden &#8220;Assad\u00e9&#8221;), verantwortlich f\u00fcr diesen Online-Shop, den Nutzern diese Informationen zur Verf\u00fcgung, um ihre Nutzungsbedingungen zu definieren. Zus\u00e4tzlich zu den hierin enthaltenen Informationen werden die spezifischen Aspekte im [&hellip;]<\/p>\n","protected":false},"author":1,"featured_media":0,"parent":0,"menu_order":0,"comment_status":"closed","ping_status":"closed","template":"page-full-width.php","meta":{"footnotes":""},"class_list":["post-7330","page","type-page","status-publish","hentry"],"_links":{"self":[{"href":"https:\/\/assade.com\/de\/wp-json\/wp\/v2\/pages\/7330","targetHints":{"allow":["GET"]}}],"collection":[{"href":"https:\/\/assade.com\/de\/wp-json\/wp\/v2\/pages"}],"about":[{"href":"https:\/\/assade.com\/de\/wp-json\/wp\/v2\/types\/page"}],"author":[{"embeddable":true,"href":"https:\/\/assade.com\/de\/wp-json\/wp\/v2\/users\/1"}],"replies":[{"embeddable":true,"href":"https:\/\/assade.com\/de\/wp-json\/wp\/v2\/comments?post=7330"}],"version-history":[{"count":2,"href":"https:\/\/assade.com\/de\/wp-json\/wp\/v2\/pages\/7330\/revisions"}],"predecessor-version":[{"id":8325,"href":"https:\/\/assade.com\/de\/wp-json\/wp\/v2\/pages\/7330\/revisions\/8325"}],"wp:attachment":[{"href":"https:\/\/assade.com\/de\/wp-json\/wp\/v2\/media?parent=7330"}],"curies":[{"name":"wp","href":"https:\/\/api.w.org\/{rel}","templated":true}]}}