{"id":8359,"date":"2025-04-06T16:28:28","date_gmt":"2025-04-06T16:28:28","guid":{"rendered":"https:\/\/assade.com\/de\/?page_id=8359"},"modified":"2025-11-16T08:30:42","modified_gmt":"2025-11-16T08:30:42","slug":"schulwechsel","status":"publish","type":"page","link":"https:\/\/assade.com\/de\/angebot\/schulwechsel\/","title":{"rendered":"Schulwechsel"},"content":{"rendered":"\t\t<div data-elementor-type=\"wp-page\" data-elementor-id=\"8359\" class=\"elementor elementor-8359\" data-elementor-post-type=\"page\">\n\t\t\t\t\t\t<section class=\"elementor-section elementor-top-section elementor-element elementor-element-5e3f7f3 elementor-section-stretched elementor-section-boxed elementor-section-height-default elementor-section-height-default qodef-elementor-content-no\" data-id=\"5e3f7f3\" data-element_type=\"section\" data-settings=\"{&quot;stretch_section&quot;:&quot;section-stretched&quot;,&quot;background_background&quot;:&quot;classic&quot;}\">\n\t\t\t\t\t\t<div class=\"elementor-container elementor-column-gap-default\">\n\t\t\t\t\t<div class=\"elementor-column elementor-col-100 elementor-top-column elementor-element elementor-element-7c074ec\" data-id=\"7c074ec\" data-element_type=\"column\">\n\t\t\t<div class=\"elementor-widget-wrap elementor-element-populated\">\n\t\t\t\t\t\t<div class=\"elementor-element elementor-element-767cb6a elementor-widget elementor-widget-heading\" data-id=\"767cb6a\" data-element_type=\"widget\" data-widget_type=\"heading.default\">\n\t\t\t\t<div class=\"elementor-widget-container\">\n\t\t\t<h2 class=\"elementor-heading-title elementor-size-default\">Schulwechsel<\/h2>\t\t<\/div>\n\t\t\t\t<\/div>\n\t\t\t\t<div class=\"elementor-element elementor-element-b694757 elementor-widget elementor-widget-text-editor\" data-id=\"b694757\" data-element_type=\"widget\" data-widget_type=\"text-editor.default\">\n\t\t\t\t<div class=\"elementor-widget-container\">\n\t\t\t\t\t\t\t<p>Mobilit\u00e4t und Kontinuit\u00e4t?<\/p>\t\t\t\t\t\t<\/div>\n\t\t\t\t<\/div>\n\t\t\t\t<section class=\"elementor-section elementor-inner-section elementor-element elementor-element-76dc516 elementor-section-content-top elementor-section-boxed elementor-section-height-default elementor-section-height-default qodef-elementor-content-no\" data-id=\"76dc516\" data-element_type=\"section\">\n\t\t\t\t\t\t<div class=\"elementor-container elementor-column-gap-default\">\n\t\t\t\t\t<div class=\"elementor-column elementor-col-50 elementor-inner-column elementor-element elementor-element-2a70bfd\" data-id=\"2a70bfd\" data-element_type=\"column\">\n\t\t\t<div class=\"elementor-widget-wrap elementor-element-populated\">\n\t\t\t\t\t\t<div class=\"elementor-element elementor-element-c15ca73 elementor-invisible elementor-widget elementor-widget-image\" data-id=\"c15ca73\" data-element_type=\"widget\" data-settings=\"{&quot;_animation&quot;:&quot;fadeIn&quot;}\" data-widget_type=\"image.default\">\n\t\t\t\t<div class=\"elementor-widget-container\">\n\t\t\t\t\t\t\t\t\t\t\t\t\t<img fetchpriority=\"high\" decoding=\"async\" width=\"508\" height=\"719\" src=\"https:\/\/assade.com\/de\/wp-content\/uploads\/2023\/01\/Refuerzo4.png\" class=\"attachment-large size-large wp-image-7800\" alt=\"Seneca, assade, Language learning strategies, German school, Bilingual school, Native speaking teachers, Learning methods, High school diploma preparation, tutoring, Math tutoring\" srcset=\"https:\/\/assade.com\/de\/wp-content\/uploads\/2023\/01\/Refuerzo4.png 508w, https:\/\/assade.com\/de\/wp-content\/uploads\/2023\/01\/Refuerzo4-212x300.png 212w\" sizes=\"(max-width: 508px) 100vw, 508px\" \/>\t\t\t\t\t\t\t\t\t\t\t\t\t<\/div>\n\t\t\t\t<\/div>\n\t\t\t\t<div class=\"elementor-element elementor-element-11d7f7f elementor-widget elementor-widget-text-editor\" data-id=\"11d7f7f\" data-element_type=\"widget\" data-widget_type=\"text-editor.default\">\n\t\t\t\t<div class=\"elementor-widget-container\">\n\t\t\t\t\t\t\t<p><em>\u201eIch bin nicht f\u00fcr einen Winkel geboren; die ganze Welt ist mein Heimatland.\u201c<\/em><\/p>\t\t\t\t\t\t<\/div>\n\t\t\t\t<\/div>\n\t\t\t\t<div class=\"elementor-element elementor-element-a662d8e elementor-widget elementor-widget-text-editor\" data-id=\"a662d8e\" data-element_type=\"widget\" data-widget_type=\"text-editor.default\">\n\t\t\t\t<div class=\"elementor-widget-container\">\n\t\t\t\t\t\t\t<p>Seneca<\/p>\t\t\t\t\t\t<\/div>\n\t\t\t\t<\/div>\n\t\t\t\t<div class=\"elementor-element elementor-element-4338afe elementor-widget elementor-widget-text-editor\" data-id=\"4338afe\" data-element_type=\"widget\" data-widget_type=\"text-editor.default\">\n\t\t\t\t<div class=\"elementor-widget-container\">\n\t\t\t\t\t\t\t<p>(1-65 n. Chr., Cordoba-Rom), r\u00f6mischer Philosoph, Dramatiker, Naturforscher, Politiker und Stoiker<\/p>\t\t\t\t\t\t<\/div>\n\t\t\t\t<\/div>\n\t\t\t\t\t<\/div>\n\t\t<\/div>\n\t\t\t\t<div class=\"elementor-column elementor-col-50 elementor-inner-column elementor-element elementor-element-57c1c56\" data-id=\"57c1c56\" data-element_type=\"column\" data-settings=\"{&quot;background_background&quot;:&quot;classic&quot;}\">\n\t\t\t<div class=\"elementor-widget-wrap elementor-element-populated\">\n\t\t\t\t\t\t<div class=\"elementor-element elementor-element-b319fe2 elementor-widget elementor-widget-text-editor\" data-id=\"b319fe2\" data-element_type=\"widget\" data-widget_type=\"text-editor.default\">\n\t\t\t\t<div class=\"elementor-widget-container\">\n\t\t\t\t\t\t\t<p>Schulwechsel \u2013 gut begleitet in die neue Etappe<\/p>\t\t\t\t\t\t<\/div>\n\t\t\t\t<\/div>\n\t\t\t\t<div class=\"elementor-element elementor-element-1b0fcca elementor-widget elementor-widget-text-editor\" data-id=\"1b0fcca\" data-element_type=\"widget\" data-widget_type=\"text-editor.default\">\n\t\t\t\t<div class=\"elementor-widget-container\">\n\t\t\t\t\t\t\t<p>Ein Schulwechsel ist f\u00fcr Familien mehr als nur ein organisatorischer Schritt. Er bedeutet f\u00fcr Kinder, sich auf neue Lernbedingungen, Sprachen und Erwartungen einzustellen \u2013 und f\u00fcr Eltern, Orientierung zu finden zwischen verschiedenen Bildungssystemen.<\/p>\t\t\t\t\t\t<\/div>\n\t\t\t\t<\/div>\n\t\t\t\t<div class=\"elementor-element elementor-element-7de8299 elementor-widget elementor-widget-text-editor\" data-id=\"7de8299\" data-element_type=\"widget\" data-widget_type=\"text-editor.default\">\n\t\t\t\t<div class=\"elementor-widget-container\">\n\t\t\t\t\t\t\t<p>Ob der Wechsel ins Ausland f\u00fchrt, zwischen internationalen Schulen stattfindet oder die R\u00fcckkehr nach Deutschland ansteht \u2013 jede Situation ist anders. Entscheidend ist, dass Kinder fachlich den Anschluss behalten und sich gleichzeitig sicher und verstanden f\u00fchlen.<\/p>\t\t\t\t\t\t<\/div>\n\t\t\t\t<\/div>\n\t\t\t\t<div class=\"elementor-element elementor-element-cf99a3a elementor-widget elementor-widget-text-editor\" data-id=\"cf99a3a\" data-element_type=\"widget\" data-widget_type=\"text-editor.default\">\n\t\t\t\t<div class=\"elementor-widget-container\">\n\t\t\t\t\t\t\t<p>Assad\u00e9 begleitet Familien dabei, diesen \u00dcbergang mit Struktur, Klarheit und Zuversicht zu gestalten.<\/p>\t\t\t\t\t\t<\/div>\n\t\t\t\t<\/div>\n\t\t\t\t<div class=\"elementor-element elementor-element-31d37f5 elementor-widget elementor-widget-text-editor\" data-id=\"31d37f5\" data-element_type=\"widget\" data-widget_type=\"text-editor.default\">\n\t\t\t\t<div class=\"elementor-widget-container\">\n\t\t\t\t\t\t\t<p>Wenn Schule und Wohnort wechseln<\/p>\t\t\t\t\t\t<\/div>\n\t\t\t\t<\/div>\n\t\t\t\t<div class=\"elementor-element elementor-element-121e196 elementor-widget elementor-widget-text-editor\" data-id=\"121e196\" data-element_type=\"widget\" data-widget_type=\"text-editor.default\">\n\t\t\t\t<div class=\"elementor-widget-container\">\n\t\t\t\t\t\t\t<p>F\u00fcr Eltern mit hoher beruflicher Mobilit\u00e4t bietet eine deutsche oder internationale Schule am neuen Wohnort die M\u00f6glichkeit, die Ausbildung ihrer Kinder ohne Br\u00fcche fortzusetzen. Doch selbst bei gleichen Schulformen k\u00f6nnen sich Unterschiede ergeben, die Aufmerksamkeit und Planung erfordern:<\/p>\t\t\t\t\t\t<\/div>\n\t\t\t\t<\/div>\n\t\t\t\t<div class=\"elementor-element elementor-element-f30a33f elementor-widget elementor-widget-text-editor\" data-id=\"f30a33f\" data-element_type=\"widget\" data-widget_type=\"text-editor.default\">\n\t\t\t\t<div class=\"elementor-widget-container\">\n\t\t\t\t\t\t\t<ul style=\"padding-left: 20px;\"><li>das Erlernen der Landessprache am neuen Wohnort<\/li><li>das Nachholen von Inhalten eines Faches, das an der neuen Schule fr\u00fcher begonnen wurde<\/li><li>das Vorziehen von Themen, wenn ein Fach an der neuen Schule in einer anderen Klassenstufe startet<\/li><li>oder das Anpassen an ein neues Unterrichtsniveau, das st\u00e4rker oder schw\u00e4cher ausf\u00e4llt als gewohnt<\/li><\/ul>\t\t\t\t\t\t<\/div>\n\t\t\t\t<\/div>\n\t\t\t\t<div class=\"elementor-element elementor-element-e5a6134 elementor-widget elementor-widget-text-editor\" data-id=\"e5a6134\" data-element_type=\"widget\" data-widget_type=\"text-editor.default\">\n\t\t\t\t<div class=\"elementor-widget-container\">\n\t\t\t\t\t\t\t<p>Mit einer guten Vorbereitung und gezielter Begleitung k\u00f6nnen Kinder den \u00dcbergang sicher meistern \u2013 und Familien den Wechsel entspannt angehen.<\/p>\t\t\t\t\t\t<\/div>\n\t\t\t\t<\/div>\n\t\t\t\t<div class=\"elementor-element elementor-element-a3174ab elementor-widget elementor-widget-text-editor\" data-id=\"a3174ab\" data-element_type=\"widget\" data-widget_type=\"text-editor.default\">\n\t\t\t\t<div class=\"elementor-widget-container\">\n\t\t\t\t\t\t\t<p>Typische Wechsel-Situationen<\/p>\t\t\t\t\t\t<\/div>\n\t\t\t\t<\/div>\n\t\t\t\t<div class=\"elementor-element elementor-element-fa54364 elementor-widget elementor-widget-text-editor\" data-id=\"fa54364\" data-element_type=\"widget\" data-widget_type=\"text-editor.default\">\n\t\t\t\t<div class=\"elementor-widget-container\">\n\t\t\t\t\t\t\t<p><strong>Von Deutschland an eine Auslandsschule<\/strong><\/p>\t\t\t\t\t\t<\/div>\n\t\t\t\t<\/div>\n\t\t\t\t<div class=\"elementor-element elementor-element-7a65311 elementor-widget elementor-widget-text-editor\" data-id=\"7a65311\" data-element_type=\"widget\" data-widget_type=\"text-editor.default\">\n\t\t\t\t<div class=\"elementor-widget-container\">\n\t\t\t\t\t\t\t<p>Ein Wechsel an eine internationale oder deutsche Schule im Ausland bringt meist neue Unterrichtssprachen, Lehrpl\u00e4ne und Lernkulturen mit sich. Wir helfen dabei, das Selbstvertrauen und die Lernkontinuit\u00e4t zu sichern \u2013 mit gezielter Vorbereitung in Englisch, Franz\u00f6sisch, Spanisch oder anderen Sprachen sowie der St\u00e4rkung der deutschen Ausdrucksf\u00e4higkeit.<\/p>\t\t\t\t\t\t<\/div>\n\t\t\t\t<\/div>\n\t\t\t\t<div class=\"elementor-element elementor-element-2c3876c elementor-widget elementor-widget-text-editor\" data-id=\"2c3876c\" data-element_type=\"widget\" data-widget_type=\"text-editor.default\">\n\t\t\t\t<div class=\"elementor-widget-container\">\n\t\t\t\t\t\t\t<p><strong>Von einer Auslandsschule zur\u00fcck nach Deutschland<\/strong><\/p>\t\t\t\t\t\t<\/div>\n\t\t\t\t<\/div>\n\t\t\t\t<div class=\"elementor-element elementor-element-c315085 elementor-widget elementor-widget-text-editor\" data-id=\"c315085\" data-element_type=\"widget\" data-widget_type=\"text-editor.default\">\n\t\t\t\t<div class=\"elementor-widget-container\">\n\t\t\t\t\t\t\t<p>Viele R\u00fcckkehrer-Familien erleben, dass deutsche Schulen in Deutschland kaum oder nur begrenzt auf diese Situation vorbereitet sind. Lehrpl\u00e4ne, Sprachniveaus und Lernmethoden unterscheiden sich deutlich \u2013 besonders in Deutsch, Mathematik und Fremdsprachen. Wir helfen, Lernl\u00fccken zu schlie\u00dfen, die Anerkennung von Zeugnissen zu begleiten und Sch\u00fcler*innen gezielt auf das deutsche Unterrichtsniveau vorzubereiten.<\/p>\t\t\t\t\t\t<\/div>\n\t\t\t\t<\/div>\n\t\t\t\t<div class=\"elementor-element elementor-element-4cc50b3 elementor-widget elementor-widget-text-editor\" data-id=\"4cc50b3\" data-element_type=\"widget\" data-widget_type=\"text-editor.default\">\n\t\t\t\t<div class=\"elementor-widget-container\">\n\t\t\t\t\t\t\t<p><strong>Wechsel zwischen Auslandsschulen<\/strong><\/p>\t\t\t\t\t\t<\/div>\n\t\t\t\t<\/div>\n\t\t\t\t<div class=\"elementor-element elementor-element-46aaa37 elementor-widget elementor-widget-text-editor\" data-id=\"46aaa37\" data-element_type=\"widget\" data-widget_type=\"text-editor.default\">\n\t\t\t\t<div class=\"elementor-widget-container\">\n\t\t\t\t\t\t\t<p>Ob von einer deutschen Schule zur n\u00e4chsten oder zwischen internationalen Systemen (z. B. IB, britisch, amerikanisch): Jedes Curriculum setzt andere Schwerpunkte. Mit unserer Diagnostik erkennen wir fr\u00fchzeitig, welche Inhalte nachgeholt oder vorgezogen werden m\u00fcssen, damit der \u00dcbergang gelingt und Motivation erhalten bleibt.<\/p>\t\t\t\t\t\t<\/div>\n\t\t\t\t<\/div>\n\t\t\t\t<div class=\"elementor-element elementor-element-a8b1d91 elementor-widget elementor-widget-text-editor\" data-id=\"a8b1d91\" data-element_type=\"widget\" data-widget_type=\"text-editor.default\">\n\t\t\t\t<div class=\"elementor-widget-container\">\n\t\t\t\t\t\t\t<p>Typische Herausforderungen beim Schulwechsel<\/p>\t\t\t\t\t\t<\/div>\n\t\t\t\t<\/div>\n\t\t\t\t<div class=\"elementor-element elementor-element-053d09c elementor-widget elementor-widget-text-editor\" data-id=\"053d09c\" data-element_type=\"widget\" data-widget_type=\"text-editor.default\">\n\t\t\t\t<div class=\"elementor-widget-container\">\n\t\t\t\t\t\t\t<p>Beim Wechsel zwischen Schulsystemen im In- und Ausland stehen Familien h\u00e4ufig vor wiederkehrenden Herausforderungen. Die folgende \u00dcbersicht zeigt typische Problemfelder und wie Assad\u00e9 gezielt Unterst\u00fctzung bietet:<\/p>\t\t\t\t\t\t<\/div>\n\t\t\t\t<\/div>\n\t\t\t\t<div class=\"elementor-element elementor-element-016ac02 elementor-widget elementor-widget-html\" data-id=\"016ac02\" data-element_type=\"widget\" data-widget_type=\"html.default\">\n\t\t\t\t<div class=\"elementor-widget-container\">\n\t\t\t<div class=\"table-wrapper\">\r\n<table style=\"width: 100%; \">\r\n  <tr>\r\n    <th>Bereich<\/th>\r\n    <th>Was Familien erleben<\/th>\r\n    <th>Wie Assad\u00e9 hilft<\/th>\r\n  <\/tr>\r\n  \r\n  <tr>\r\n    <td>Sprache<\/td>\r\n    <td>Wechsel der Unterrichtssprache oder eingeschr\u00e4nkte Deutschkenntnisse nach Jahren im Ausland<\/td>\r\n    <td>Sprachdiagnostik, gezielter Aufbau von Wortschatz, Grammatik und Ausdruck<\/td>\r\n  <\/tr>\r\n  \r\n  <tr>\r\n    <td>Fachliche Unterschiede<\/td>\r\n    <td>Unterschiedliche Themenfolgen und Lehrplantiefen in Mathe, Naturwissenschaften oder Fremdsprachen<\/td>\r\n    <td>Individuelle Lernpl\u00e4ne mit Fokus auf Anschlussf\u00e4higkeit<\/td>\r\n  <\/tr>\r\n  \r\n  <tr>\r\n    <td>Schulabschl\u00fcsse<\/td>\r\n    <td>Unsicherheit \u00fcber Anerkennung, Mittlere Reife oder Abiturzugang<\/td>\r\n    <td>Beratung zu Bildungswegen und gezielte Pr\u00fcfungsvorbereitung<\/td>\r\n  <\/tr>\r\n  \r\n  <tr>\r\n    <td>Emotionale Belastung<\/td>\r\n    <td>Anpassungsdruck, Heimweh, Motivationsschwankungen<\/td>\r\n    <td>Mentoring, feste Routinen, kleine sichtbare Fortschritte<\/td>\r\n  <\/tr>\r\n<\/table>\r\n<\/div>\t\t<\/div>\n\t\t\t\t<\/div>\n\t\t\t\t<div class=\"elementor-element elementor-element-24dd299 elementor-widget elementor-widget-text-editor\" data-id=\"24dd299\" data-element_type=\"widget\" data-widget_type=\"text-editor.default\">\n\t\t\t\t<div class=\"elementor-widget-container\">\n\t\t\t\t\t\t\t<p>Wie wir begleiten<\/p>\t\t\t\t\t\t<\/div>\n\t\t\t\t<\/div>\n\t\t\t\t<div class=\"elementor-element elementor-element-63ea594 elementor-widget elementor-widget-text-editor\" data-id=\"63ea594\" data-element_type=\"widget\" data-widget_type=\"text-editor.default\">\n\t\t\t\t<div class=\"elementor-widget-container\">\n\t\t\t\t\t\t\t<p>Ein erfolgreicher Schulwechsel braucht Planung, Struktur \u2013 und Verst\u00e4ndnis. Deshalb kombinieren wir bei Assad\u00e9 drei zentrale Elemente:<\/p>\t\t\t\t\t\t<\/div>\n\t\t\t\t<\/div>\n\t\t\t\t<div class=\"elementor-element elementor-element-efbd87d elementor-widget elementor-widget-text-editor\" data-id=\"efbd87d\" data-element_type=\"widget\" data-widget_type=\"text-editor.default\">\n\t\t\t\t<div class=\"elementor-widget-container\">\n\t\t\t\t\t\t\t<p><strong>1. Diagnostik und Beratung<br \/><\/strong><\/p>\t\t\t\t\t\t<\/div>\n\t\t\t\t<\/div>\n\t\t\t\t<div class=\"elementor-element elementor-element-cea8377 elementor-widget elementor-widget-text-editor\" data-id=\"cea8377\" data-element_type=\"widget\" data-widget_type=\"text-editor.default\">\n\t\t\t\t<div class=\"elementor-widget-container\">\n\t\t\t\t\t\t\t<p>Wir analysieren den Lernstand, das aktuelle und das zuk\u00fcnftige Schulsystem sowie pers\u00f6nliche Ziele. So entsteht ein klarer \u00dcberblick \u00fcber St\u00e4rken, L\u00fccken und n\u00e4chste Schritte.<\/p>\t\t\t\t\t\t<\/div>\n\t\t\t\t<\/div>\n\t\t\t\t<div class=\"elementor-element elementor-element-d995b5d elementor-widget elementor-widget-text-editor\" data-id=\"d995b5d\" data-element_type=\"widget\" data-widget_type=\"text-editor.default\">\n\t\t\t\t<div class=\"elementor-widget-container\">\n\t\t\t\t\t\t\t<p><strong>2. Individuelle Lernplanung<\/strong><\/p>\t\t\t\t\t\t<\/div>\n\t\t\t\t<\/div>\n\t\t\t\t<div class=\"elementor-element elementor-element-22fbb32 elementor-widget elementor-widget-text-editor\" data-id=\"22fbb32\" data-element_type=\"widget\" data-widget_type=\"text-editor.default\">\n\t\t\t\t<div class=\"elementor-widget-container\">\n\t\t\t\t\t\t\t<p>Jedes Kind erh\u00e4lt einen Lernplan, der gezielt auf neue F\u00e4cher, Sprachniveaus und Pr\u00fcfungsanforderungen abgestimmt ist. Dabei achten wir auf realistische Etappenziele und kontinuierliche Erfolgserlebnisse.<\/p>\t\t\t\t\t\t<\/div>\n\t\t\t\t<\/div>\n\t\t\t\t<div class=\"elementor-element elementor-element-685b8a4 elementor-widget elementor-widget-text-editor\" data-id=\"685b8a4\" data-element_type=\"widget\" data-widget_type=\"text-editor.default\">\n\t\t\t\t<div class=\"elementor-widget-container\">\n\t\t\t\t\t\t\t<p><strong>3. Begleitendes Coaching<\/strong><\/p>\t\t\t\t\t\t<\/div>\n\t\t\t\t<\/div>\n\t\t\t\t<div class=\"elementor-element elementor-element-0144912 elementor-widget elementor-widget-text-editor\" data-id=\"0144912\" data-element_type=\"widget\" data-widget_type=\"text-editor.default\">\n\t\t\t\t<div class=\"elementor-widget-container\">\n\t\t\t\t\t\t\t<p>Wir bleiben an der Seite des Sch\u00fclers \u2013 mit fester Struktur, pers\u00f6nlicher Betreuung und regelm\u00e4\u00dfigen R\u00fcckmeldungen. So entsteht Sicherheit und Selbstvertrauen \u2013 die beste Grundlage f\u00fcr einen gelungenen Start an der neuen Schule.<\/p>\t\t\t\t\t\t<\/div>\n\t\t\t\t<\/div>\n\t\t\t\t<div class=\"elementor-element elementor-element-722849e elementor-widget elementor-widget-text-editor\" data-id=\"722849e\" data-element_type=\"widget\" data-widget_type=\"text-editor.default\">\n\t\t\t\t<div class=\"elementor-widget-container\">\n\t\t\t\t\t\t\t<p>F\u00fcr einen sicheren \u00dcbergang und einen guten Start<\/p>\t\t\t\t\t\t<\/div>\n\t\t\t\t<\/div>\n\t\t\t\t<div class=\"elementor-element elementor-element-ec16190 elementor-widget elementor-widget-text-editor\" data-id=\"ec16190\" data-element_type=\"widget\" data-widget_type=\"text-editor.default\">\n\t\t\t\t<div class=\"elementor-widget-container\">\n\t\t\t\t\t\t\t<p>Ein rechtzeitig geplanter Schulwechsel er\u00f6ffnet neue Chancen \u2013 fachlich, sprachlich und pers\u00f6nlich. Mit der passenden Unterst\u00fctzung gelingt er stressfrei und nachhaltig.<\/p>\t\t\t\t\t\t<\/div>\n\t\t\t\t<\/div>\n\t\t\t\t<div class=\"elementor-element elementor-element-4747384 elementor-widget elementor-widget-text-editor\" data-id=\"4747384\" data-element_type=\"widget\" data-widget_type=\"text-editor.default\">\n\t\t\t\t<div class=\"elementor-widget-container\">\n\t\t\t\t\t\t\t<p>Lasst uns gemeinsam herausfinden, wie wir euer Kind optimal auf die neue Situation und Schule vorbereiten k\u00f6nnen.<br \/><br \/><\/p>\t\t\t\t\t\t<\/div>\n\t\t\t\t<\/div>\n\t\t\t\t<div class=\"elementor-element elementor-element-9255bc8 elementor-widget elementor-widget-button\" data-id=\"9255bc8\" data-element_type=\"widget\" data-widget_type=\"button.default\">\n\t\t\t\t<div class=\"elementor-widget-container\">\n\t\t\t\t\t<div class=\"elementor-button-wrapper\">\n\t\t\t<a class=\"elementor-button elementor-button-link elementor-size-sm\" href=\"https:\/\/assade.com\/de\/de\/kontakt\/\">\n\t\t\t\t\t\t<span class=\"elementor-button-content-wrapper\">\n\t\t\t\t\t\t<span class=\"elementor-button-icon\">\n\t\t\t\t<i aria-hidden=\"true\" class=\"far fa-hand-point-right\"><\/i>\t\t\t<\/span>\n\t\t\t\t\t\t\t\t\t<span class=\"elementor-button-text\">Jetzt kostenlose Beratung anfragen<\/span>\n\t\t\t\t\t<\/span>\n\t\t\t\t\t<\/a>\n\t\t<\/div>\n\t\t\t\t<\/div>\n\t\t\t\t<\/div>\n\t\t\t\t\t<\/div>\n\t\t<\/div>\n\t\t\t\t\t<\/div>\n\t\t<\/section>\n\t\t\t\t\t<\/div>\n\t\t<\/div>\n\t\t\t\t\t<\/div>\n\t\t<\/section>\n\t\t\t\t<\/div>\n\t\t","protected":false},"excerpt":{"rendered":"<p>Schulwechsel Mobilit\u00e4t und Kontinuit\u00e4t? \u201eIch bin nicht f\u00fcr einen Winkel geboren; die ganze Welt ist mein Heimatland.\u201c Seneca (1-65 n. Chr., Cordoba-Rom), r\u00f6mischer Philosoph, Dramatiker, Naturforscher, Politiker und Stoiker Schulwechsel \u2013 gut begleitet in die neue Etappe Ein Schulwechsel ist f\u00fcr Familien mehr als nur ein organisatorischer Schritt. Er bedeutet f\u00fcr Kinder, sich auf neue [&hellip;]<\/p>\n","protected":false},"author":1,"featured_media":0,"parent":7104,"menu_order":0,"comment_status":"closed","ping_status":"closed","template":"","meta":{"footnotes":""},"class_list":["post-8359","page","type-page","status-publish","hentry"],"_links":{"self":[{"href":"https:\/\/assade.com\/de\/wp-json\/wp\/v2\/pages\/8359","targetHints":{"allow":["GET"]}}],"collection":[{"href":"https:\/\/assade.com\/de\/wp-json\/wp\/v2\/pages"}],"about":[{"href":"https:\/\/assade.com\/de\/wp-json\/wp\/v2\/types\/page"}],"author":[{"embeddable":true,"href":"https:\/\/assade.com\/de\/wp-json\/wp\/v2\/users\/1"}],"replies":[{"embeddable":true,"href":"https:\/\/assade.com\/de\/wp-json\/wp\/v2\/comments?post=8359"}],"version-history":[{"count":10,"href":"https:\/\/assade.com\/de\/wp-json\/wp\/v2\/pages\/8359\/revisions"}],"predecessor-version":[{"id":8398,"href":"https:\/\/assade.com\/de\/wp-json\/wp\/v2\/pages\/8359\/revisions\/8398"}],"up":[{"embeddable":true,"href":"https:\/\/assade.com\/de\/wp-json\/wp\/v2\/pages\/7104"}],"wp:attachment":[{"href":"https:\/\/assade.com\/de\/wp-json\/wp\/v2\/media?parent=8359"}],"curies":[{"name":"wp","href":"https:\/\/api.w.org\/{rel}","templated":true}]}}